{"id":1296,"date":"2024-10-04T22:43:50","date_gmt":"2024-10-04T18:43:50","guid":{"rendered":"https:\/\/labellerodriguaise.com\/?page_id=1296"},"modified":"2026-01-15T22:27:52","modified_gmt":"2026-01-15T18:27:52","slug":"extras","status":"publish","type":"page","link":"https:\/\/labellerodriguaise.com\/en\/extras\/","title":{"rendered":"Extras"},"content":{"rendered":"<div class=\"wp-block-kadence-column kadence-column1296_c31e0e-02\"><div class=\"kt-inside-inner-col\"><div class=\"mphb_sc_services-wrapper\"><div class=\"mphb-service post-225 mphb_room_service type-mphb_room_service status-publish has-post-thumbnail mphb-service-pay-per-adult mphb-service-pay-by-guest-choise\">\n\n\t\n\n\t<p class=\"mphb-loop-service-thumbnail\">\n\t<img loading=\"lazy\" decoding=\"async\" width=\"450\" height=\"375\" src=\"https:\/\/i0.wp.com\/labellerodriguaise.com\/wp-content\/uploads\/2017\/05\/scooter.jpg?fit=450%2C375&amp;ssl=1\" class=\"attachment-post-thumbnail size-post-thumbnail wp-post-image\" alt=\"\" srcset=\"https:\/\/i0.wp.com\/labellerodriguaise.com\/wp-content\/uploads\/2017\/05\/scooter.jpg?w=450&amp;ssl=1 450w, https:\/\/i0.wp.com\/labellerodriguaise.com\/wp-content\/uploads\/2017\/05\/scooter.jpg?resize=300%2C250&amp;ssl=1 300w, https:\/\/i0.wp.com\/labellerodriguaise.com\/wp-content\/uploads\/2017\/05\/scooter.jpg?resize=14%2C12&amp;ssl=1 14w\" sizes=\"auto, (max-width: 450px) 100vw, 450px\" \/>\n\t<\/p>\n\t\n<h2 class=\"mphb-service-title\">\n<a href=\"https:\/\/labellerodriguaise.com\/en\/services\/parking-service\/\">Scooter rental<\/a>\n<\/h2>\n\n<p>D\u00e9couvrez la commodit\u00e9 et la libert\u00e9 de vous d\u00e9placer gr\u00e2ce \u00e0 notre service de location de scooters. Que vous souhaitiez explorer la campagne, vous rendre \u00e0 la plage ou simplement faire un petit tour, notre flotte de scooters bien entretenus est le moyen id\u00e9al pour vous d\u00e9placer rapidement et sans effort. Disponibles pour des locations &hellip; <a href=\"https:\/\/labellerodriguaise.com\/en\/services\/parking-service\/\" class=\"more-link\">Continue reading<span class=\"screen-reader-text\"> &#8220;Location de scooter&#8221;<\/span><\/a><\/p>\n\n\n<p class=\"mphb-price-wrapper\"><strong>Price:<\/strong>\n<span class=\"mphb-price\"><span class=\"mphb-currency\">&euro;<\/span>15<\/span> \/ Per Instance \/ Per Guest\n<\/p>\n<\/div>\n<div class=\"mphb-service post-2458 mphb_room_service type-mphb_room_service status-publish has-post-thumbnail mphb-service-pay-by-guest-choise\">\n\n\t\n\n\t<p class=\"mphb-loop-service-thumbnail\">\n\t<img loading=\"lazy\" decoding=\"async\" width=\"374\" height=\"560\" src=\"https:\/\/i0.wp.com\/labellerodriguaise.com\/wp-content\/uploads\/2025\/12\/laundry_service-scaled-e1768151901425.jpg?fit=374%2C560&amp;ssl=1\" class=\"attachment-post-thumbnail size-post-thumbnail wp-post-image\" alt=\"\" \/>\n\t<\/p>\n\t\n<h2 class=\"mphb-service-title\">\n<a href=\"https:\/\/labellerodriguaise.com\/en\/services\/blanchisserie\/\">Laundry<\/a>\n<\/h2>\n\n\n\n<p class=\"mphb-price-wrapper\"><strong>Price:<\/strong>\n<span class=\"mphb-price\"><span class=\"mphb-currency\">&euro;<\/span>6<\/span> \/ Per Instance \/ Per Accommodation\n<\/p>\n<\/div>\n<div class=\"mphb-service post-2481 mphb_room_service type-mphb_room_service status-publish has-post-thumbnail mphb-service-pay-per-adult mphb-service-pay-by-guest-choise\">\n\n\t\n\n\t<p class=\"mphb-loop-service-thumbnail\">\n\t<img loading=\"lazy\" decoding=\"async\" width=\"500\" height=\"412\" src=\"https:\/\/i0.wp.com\/labellerodriguaise.com\/wp-content\/uploads\/2026\/01\/honda_xr.png?fit=500%2C412&amp;ssl=1\" class=\"attachment-post-thumbnail size-post-thumbnail wp-post-image\" alt=\"\" srcset=\"https:\/\/i0.wp.com\/labellerodriguaise.com\/wp-content\/uploads\/2026\/01\/honda_xr.png?w=500&amp;ssl=1 500w, https:\/\/i0.wp.com\/labellerodriguaise.com\/wp-content\/uploads\/2026\/01\/honda_xr.png?resize=300%2C247&amp;ssl=1 300w, https:\/\/i0.wp.com\/labellerodriguaise.com\/wp-content\/uploads\/2026\/01\/honda_xr.png?resize=15%2C12&amp;ssl=1 15w\" sizes=\"auto, (max-width: 500px) 100vw, 500px\" \/>\n\t<\/p>\n\t\n<h2 class=\"mphb-service-title\">\n<a href=\"https:\/\/labellerodriguaise.com\/en\/services\/location-de-moto\/\">Motocycle Rental<\/a>\n<\/h2>\n\n<p>D\u00e9couvrez la destination \u00e0 votre rythme gr\u00e2ce \u00e0 notre service de location de motos. Id\u00e9al pour les clients \u00e0 la recherche de commodit\u00e9, de flexibilit\u00e9 et d&#8217;une exp\u00e9rience de voyage authentique. Mod\u00e8le: Honda XR Avertissement : toutes les r\u00e9servations sont soumises \u00e0 confirmation et peuvent d\u00e9pendre de la disponibilit\u00e9<\/p>\n\n\n<p class=\"mphb-price-wrapper\"><strong>Price:<\/strong>\n<span class=\"mphb-price\"><span class=\"mphb-currency\">&euro;<\/span>17<\/span> \/ Per Instance \/ Per Guest\n<\/p>\n<\/div>\n<div class=\"mphb-service post-2483 mphb_room_service type-mphb_room_service status-publish has-post-thumbnail mphb-service-pay-by-guest-choise\">\n\n\t\n\n\t<p class=\"mphb-loop-service-thumbnail\">\n\t<img loading=\"lazy\" decoding=\"async\" width=\"600\" height=\"356\" src=\"https:\/\/i0.wp.com\/labellerodriguaise.com\/wp-content\/uploads\/2026\/01\/Jimny-e1768151509496.jpg?fit=600%2C356&amp;ssl=1\" class=\"attachment-post-thumbnail size-post-thumbnail wp-post-image\" alt=\"\" \/>\n\t<\/p>\n\t\n<h2 class=\"mphb-service-title\">\n<a href=\"https:\/\/labellerodriguaise.com\/en\/services\/location-de-voiture\/\">Car Rental<\/a>\n<\/h2>\n\n<p>Mod\u00e8le: Suzuki Jimmy 4-wheel drive 4X4 Automatic Gasoline Year 2024 Driving permit mandatory Disclaimer: All reservations are subject to confirmation and may depend on availability.<\/p>\n\n\n<p class=\"mphb-price-wrapper\"><strong>Price:<\/strong>\n<span class=\"mphb-price\"><span class=\"mphb-currency\">&euro;<\/span>50<\/span> \/ Per Instance \/ Per Accommodation\n<\/p>\n<\/div>\n<div class=\"mphb-service post-2484 mphb_room_service type-mphb_room_service status-publish has-post-thumbnail mphb-service-pay-per-adult mphb-service-pay-by-guest-choise\">\n\n\t\n\n\t<p class=\"mphb-loop-service-thumbnail\">\n\t<img loading=\"lazy\" decoding=\"async\" width=\"459\" height=\"560\" src=\"https:\/\/i0.wp.com\/labellerodriguaise.com\/wp-content\/uploads\/2026\/01\/ile-aux-cocos.jpg?fit=459%2C560&amp;ssl=1\" class=\"attachment-post-thumbnail size-post-thumbnail wp-post-image\" alt=\"\" srcset=\"https:\/\/i0.wp.com\/labellerodriguaise.com\/wp-content\/uploads\/2026\/01\/ile-aux-cocos.jpg?w=524&amp;ssl=1 524w, https:\/\/i0.wp.com\/labellerodriguaise.com\/wp-content\/uploads\/2026\/01\/ile-aux-cocos.jpg?resize=246%2C300&amp;ssl=1 246w, https:\/\/i0.wp.com\/labellerodriguaise.com\/wp-content\/uploads\/2026\/01\/ile-aux-cocos.jpg?resize=10%2C12&amp;ssl=1 10w, https:\/\/i0.wp.com\/labellerodriguaise.com\/wp-content\/uploads\/2026\/01\/ile-aux-cocos.jpg?resize=459%2C560&amp;ssl=1 459w\" sizes=\"auto, (max-width: 459px) 100vw, 459px\" \/>\n\t<\/p>\n\t\n<h2 class=\"mphb-service-title\">\n<a href=\"https:\/\/labellerodriguaise.com\/en\/services\/excursion-bateau-lile-aux-cocos\/\">Excursion Bateau: L&#8217;\u00eele aux Cocos<\/a>\n<\/h2>\n\n<p>L&#8217;\u00eele aux Cocos est une \u00eele magnifique et pr\u00e9serv\u00e9e au large de Rodrigues, id\u00e9ale pour les amoureux de la nature. Profitez d&#8217;une promenade en bateau panoramique, qui commence \u00e0 9 h et se termine \u00e0 15 h, avec des transferts disponibles pour 1 000 roupies par trajet. L&#8217;\u00eele offre des plages immacul\u00e9es, des r\u00e9cifs coralliens &hellip; <a href=\"https:\/\/labellerodriguaise.com\/en\/services\/excursion-bateau-lile-aux-cocos\/\" class=\"more-link\">Continue reading<span class=\"screen-reader-text\"> &#8220;Excursion Bateau: L&#8217;\u00eele aux Cocos&#8221;<\/span><\/a><\/p>\n\n\n<p class=\"mphb-price-wrapper\"><strong>Price:<\/strong>\n<span class=\"mphb-price\"><span class=\"mphb-currency\">&euro;<\/span>40<\/span> \/ Per Instance \/ Per Guest\n<\/p>\n<\/div>\n<div class=\"mphb-service post-2487 mphb_room_service type-mphb_room_service status-publish mphb-service-pay-per-adult mphb-service-pay-by-guest-choise\">\n\n\t\n\n<h2 class=\"mphb-service-title\">\n<a href=\"https:\/\/labellerodriguaise.com\/en\/services\/excursion-bateau-ile-aux-chat-et-ile-hermitage-peche-traditionelle-bbq-plongee\/\">Boat Excursion: Ile aux chat and Hermitage Island (Traditional Fishing, Barbecue, Snorkeling)<\/a>\n<\/h2>\n\n<p>Une journ\u00e9e immersive dans le lagon turquoise de Rodrigues Embarquez \u00e0 9 h pour une aventure inoubliable dans le lagon cristallin de Rodrigues, avec un programme complet : P\u00eache traditionnelle : d\u00e9couvrez les techniques de p\u00eache locales dans un cadre authentique. Plong\u00e9e avec tuba \u00e0 Koozoopa : explorez les merveilles sous-marines pr\u00e8s du passage de &hellip; <a href=\"https:\/\/labellerodriguaise.com\/en\/services\/excursion-bateau-ile-aux-chat-et-ile-hermitage-peche-traditionelle-bbq-plongee\/\" class=\"more-link\">Continue reading<span class=\"screen-reader-text\"> &#8220;Excursion Bateau: Ile aux chat et Ile Hermitage (P\u00eache traditionelle, Barbecue, Plong\u00e9e)&#8221;<\/span><\/a><\/p>\n\n\n<p class=\"mphb-price-wrapper\"><strong>Price:<\/strong>\n<span class=\"mphb-price\"><span class=\"mphb-currency\">&euro;<\/span>60<\/span> \/ Per Instance \/ Per Guest\n<\/p>\n<\/div>\n<div class=\"mphb-service post-2489 mphb_room_service type-mphb_room_service status-publish mphb-service-pay-per-adult mphb-service-pay-by-guest-choise\">\n\n\t\n\n<h2 class=\"mphb-service-title\">\n<a href=\"https:\/\/labellerodriguaise.com\/en\/services\/massage\/\">Massage<\/a>\n<\/h2>\n\n<p>Apr\u00e8s une journ\u00e9e d&#8217;aventure et de d\u00e9couverte \u00e0 Rodrigues, offrez-vous un massage relaxant. Plongez dans une exp\u00e9rience de bien-\u00eatre avec des massages con\u00e7us pour d\u00e9tendre vos muscles et revitaliser votre corps apr\u00e8s une journ\u00e9e bien remplie. C&#8217;est le moment id\u00e9al pour \u00e9vacuer les tensions et profiter de la tranquillit\u00e9 de l&#8217;\u00eele. Prix par heure Avertissement &hellip; <a href=\"https:\/\/labellerodriguaise.com\/en\/services\/massage\/\" class=\"more-link\">Continue reading<span class=\"screen-reader-text\"> &#8220;Massage&#8221;<\/span><\/a><\/p>\n\n\n<p class=\"mphb-price-wrapper\"><strong>Price:<\/strong>\n<span class=\"mphb-price\"><span class=\"mphb-currency\">&euro;<\/span>32<\/span> \/ Per Instance \/ Per Guest\n<\/p>\n<\/div>\n<div class=\"mphb-service post-2490 mphb_room_service type-mphb_room_service status-publish mphb-service-pay-by-guest-choise\">\n\n\t\n\n<h2 class=\"mphb-service-title\">\n<a href=\"https:\/\/labellerodriguaise.com\/en\/services\/babysitting\/\">Babysitting<\/a>\n<\/h2>\n\n<p>Profitez pleinement de votre s\u00e9jour \u00e0 Rodrigues en toute tranquillit\u00e9 gr\u00e2ce \u00e0 notre service de garde d&#8217;enfants. Id\u00e9al pour les familles qui souhaitent s&#8217;adonner au kitesurf, \u00e0 la randonn\u00e9e ou \u00e0 la d\u00e9couverte de l&#8217;\u00eele sans souci, notre \u00e9quipe prendra soin de vos enfants pendant que vous vous adonnerez \u00e0 vos activit\u00e9s. Que vous recherchiez &hellip; <a href=\"https:\/\/labellerodriguaise.com\/en\/services\/babysitting\/\" class=\"more-link\">Continue reading<span class=\"screen-reader-text\"> &#8220;Babysitting&#8221;<\/span><\/a><\/p>\n\n\n<p class=\"mphb-price-wrapper\"><strong>Price:<\/strong>\n<span class=\"mphb-price\"><span class=\"mphb-currency\">&euro;<\/span>5<\/span> \/ Per Instance \/ Per Accommodation\n<\/p>\n<\/div>\n<\/div>\n<\/div><\/div>","protected":false},"excerpt":{"rendered":"","protected":false},"author":2,"featured_media":1790,"parent":0,"menu_order":0,"comment_status":"closed","ping_status":"closed","template":"template-full-width-page.php","meta":{"nf_dc_page":"","om_disable_all_campaigns":false,"ngg_post_thumbnail":0,"_kadence_starter_templates_imported_post":false,"footnotes":""},"class_list":["post-1296","page","type-page","status-publish","has-post-thumbnail","hentry"],"yoast_head":"<!-- This site is optimized with the Yoast SEO plugin v27.5 - https:\/\/yoast.com\/product\/yoast-seo-wordpress\/ -->\n<title>Extras - La Belle Rodriguaise<\/title>\n<meta name=\"robots\" content=\"index, follow, max-snippet:-1, max-image-preview:large, max-video-preview:-1\" \/>\n<link rel=\"canonical\" href=\"https:\/\/labellerodriguaise.com\/en\/services-2\/\" \/>\n<meta property=\"og:locale\" content=\"en_US\" \/>\n<meta property=\"og:type\" content=\"article\" \/>\n<meta property=\"og:title\" content=\"Extras - La Belle Rodriguaise\" \/>\n<meta property=\"og:url\" content=\"https:\/\/labellerodriguaise.com\/en\/services-2\/\" \/>\n<meta property=\"og:site_name\" content=\"La Belle Rodriguaise\" \/>\n<meta property=\"article:publisher\" content=\"https:\/\/www.facebook.com\/share\/KFpaQmSDnfVFJ4Ys\/?mibextid=LQQJ4d\" \/>\n<meta property=\"article:modified_time\" content=\"2026-01-15T18:27:52+00:00\" \/>\n<meta property=\"og:image\" content=\"https:\/\/labellerodriguaise.com\/wp-content\/uploads\/2024\/10\/image00005.jpg\" \/>\n<meta name=\"twitter:card\" content=\"summary_large_image\" \/>\n<meta name=\"twitter:label1\" content=\"Est. reading time\" \/>\n\t<meta name=\"twitter:data1\" content=\"4 minutes\" \/>\n<script type=\"application\/ld+json\" class=\"yoast-schema-graph\">{\"@context\":\"https:\\\/\\\/schema.org\",\"@graph\":[{\"@type\":\"WebPage\",\"@id\":\"https:\\\/\\\/labellerodriguaise.com\\\/en\\\/services-2\\\/\",\"url\":\"https:\\\/\\\/labellerodriguaise.com\\\/en\\\/services-2\\\/\",\"name\":\"Extras - La Belle Rodriguaise\",\"isPartOf\":{\"@id\":\"https:\\\/\\\/labellerodriguaise.com\\\/staging\\\/6728\\\/#website\"},\"primaryImageOfPage\":{\"@id\":\"https:\\\/\\\/labellerodriguaise.com\\\/en\\\/services-2\\\/#primaryimage\"},\"image\":{\"@id\":\"https:\\\/\\\/labellerodriguaise.com\\\/en\\\/services-2\\\/#primaryimage\"},\"thumbnailUrl\":\"https:\\\/\\\/i0.wp.com\\\/labellerodriguaise.com\\\/wp-content\\\/uploads\\\/2025\\\/03\\\/DSC_0005-1-scaled.jpg?fit=2560%2C1716&ssl=1\",\"datePublished\":\"2024-10-04T18:43:50+00:00\",\"dateModified\":\"2026-01-15T18:27:52+00:00\",\"breadcrumb\":{\"@id\":\"https:\\\/\\\/labellerodriguaise.com\\\/en\\\/services-2\\\/#breadcrumb\"},\"inLanguage\":\"en-US\",\"potentialAction\":[{\"@type\":\"ReadAction\",\"target\":[\"https:\\\/\\\/labellerodriguaise.com\\\/en\\\/services-2\\\/\"]}]},{\"@type\":\"ImageObject\",\"inLanguage\":\"en-US\",\"@id\":\"https:\\\/\\\/labellerodriguaise.com\\\/en\\\/services-2\\\/#primaryimage\",\"url\":\"https:\\\/\\\/i0.wp.com\\\/labellerodriguaise.com\\\/wp-content\\\/uploads\\\/2025\\\/03\\\/DSC_0005-1-scaled.jpg?fit=2560%2C1716&ssl=1\",\"contentUrl\":\"https:\\\/\\\/i0.wp.com\\\/labellerodriguaise.com\\\/wp-content\\\/uploads\\\/2025\\\/03\\\/DSC_0005-1-scaled.jpg?fit=2560%2C1716&ssl=1\",\"width\":2560,\"height\":1716},{\"@type\":\"BreadcrumbList\",\"@id\":\"https:\\\/\\\/labellerodriguaise.com\\\/en\\\/services-2\\\/#breadcrumb\",\"itemListElement\":[{\"@type\":\"ListItem\",\"position\":1,\"name\":\"Home\",\"item\":\"https:\\\/\\\/labellerodriguaise.com\\\/\"},{\"@type\":\"ListItem\",\"position\":2,\"name\":\"Services\"}]},{\"@type\":\"WebSite\",\"@id\":\"https:\\\/\\\/labellerodriguaise.com\\\/staging\\\/6728\\\/#website\",\"url\":\"https:\\\/\\\/labellerodriguaise.com\\\/staging\\\/6728\\\/\",\"name\":\"La Belle Rodriguaise\",\"description\":\"Votre Havre de Paix\",\"publisher\":{\"@id\":\"https:\\\/\\\/labellerodriguaise.com\\\/staging\\\/6728\\\/#organization\"},\"potentialAction\":[{\"@type\":\"SearchAction\",\"target\":{\"@type\":\"EntryPoint\",\"urlTemplate\":\"https:\\\/\\\/labellerodriguaise.com\\\/staging\\\/6728\\\/?s={search_term_string}\"},\"query-input\":{\"@type\":\"PropertyValueSpecification\",\"valueRequired\":true,\"valueName\":\"search_term_string\"}}],\"inLanguage\":\"en-US\"},{\"@type\":\"Organization\",\"@id\":\"https:\\\/\\\/labellerodriguaise.com\\\/staging\\\/6728\\\/#organization\",\"name\":\"La Belle Rodriguaise\",\"url\":\"https:\\\/\\\/labellerodriguaise.com\\\/staging\\\/6728\\\/\",\"logo\":{\"@type\":\"ImageObject\",\"inLanguage\":\"en-US\",\"@id\":\"https:\\\/\\\/labellerodriguaise.com\\\/staging\\\/6728\\\/#\\\/schema\\\/logo\\\/image\\\/\",\"url\":\"https:\\\/\\\/i0.wp.com\\\/labellerodriguaise.com\\\/wp-content\\\/uploads\\\/2024\\\/09\\\/cropped-logo_labelle-e1766376267943.png?fit=113%2C100&ssl=1\",\"contentUrl\":\"https:\\\/\\\/i0.wp.com\\\/labellerodriguaise.com\\\/wp-content\\\/uploads\\\/2024\\\/09\\\/cropped-logo_labelle-e1766376267943.png?fit=113%2C100&ssl=1\",\"width\":113,\"height\":100,\"caption\":\"La Belle Rodriguaise\"},\"image\":{\"@id\":\"https:\\\/\\\/labellerodriguaise.com\\\/staging\\\/6728\\\/#\\\/schema\\\/logo\\\/image\\\/\"},\"sameAs\":[\"https:\\\/\\\/www.facebook.com\\\/share\\\/KFpaQmSDnfVFJ4Ys\\\/?mibextid=LQQJ4d\"]}]}<\/script>\n<!-- \/ Yoast SEO plugin. -->","yoast_head_json":{"title":"Extras - La Belle Rodriguaise","robots":{"index":"index","follow":"follow","max-snippet":"max-snippet:-1","max-image-preview":"max-image-preview:large","max-video-preview":"max-video-preview:-1"},"canonical":"https:\/\/labellerodriguaise.com\/en\/services-2\/","og_locale":"en_US","og_type":"article","og_title":"Extras - La Belle Rodriguaise","og_url":"https:\/\/labellerodriguaise.com\/en\/services-2\/","og_site_name":"La Belle Rodriguaise","article_publisher":"https:\/\/www.facebook.com\/share\/KFpaQmSDnfVFJ4Ys\/?mibextid=LQQJ4d","article_modified_time":"2026-01-15T18:27:52+00:00","og_image":[{"url":"https:\/\/labellerodriguaise.com\/wp-content\/uploads\/2024\/10\/image00005.jpg","type":"","width":"","height":""}],"twitter_card":"summary_large_image","twitter_misc":{"Est. reading time":"4 minutes"},"schema":{"@context":"https:\/\/schema.org","@graph":[{"@type":"WebPage","@id":"https:\/\/labellerodriguaise.com\/en\/services-2\/","url":"https:\/\/labellerodriguaise.com\/en\/services-2\/","name":"Extras - La Belle Rodriguaise","isPartOf":{"@id":"https:\/\/labellerodriguaise.com\/staging\/6728\/#website"},"primaryImageOfPage":{"@id":"https:\/\/labellerodriguaise.com\/en\/services-2\/#primaryimage"},"image":{"@id":"https:\/\/labellerodriguaise.com\/en\/services-2\/#primaryimage"},"thumbnailUrl":"https:\/\/i0.wp.com\/labellerodriguaise.com\/wp-content\/uploads\/2025\/03\/DSC_0005-1-scaled.jpg?fit=2560%2C1716&ssl=1","datePublished":"2024-10-04T18:43:50+00:00","dateModified":"2026-01-15T18:27:52+00:00","breadcrumb":{"@id":"https:\/\/labellerodriguaise.com\/en\/services-2\/#breadcrumb"},"inLanguage":"en-US","potentialAction":[{"@type":"ReadAction","target":["https:\/\/labellerodriguaise.com\/en\/services-2\/"]}]},{"@type":"ImageObject","inLanguage":"en-US","@id":"https:\/\/labellerodriguaise.com\/en\/services-2\/#primaryimage","url":"https:\/\/i0.wp.com\/labellerodriguaise.com\/wp-content\/uploads\/2025\/03\/DSC_0005-1-scaled.jpg?fit=2560%2C1716&ssl=1","contentUrl":"https:\/\/i0.wp.com\/labellerodriguaise.com\/wp-content\/uploads\/2025\/03\/DSC_0005-1-scaled.jpg?fit=2560%2C1716&ssl=1","width":2560,"height":1716},{"@type":"BreadcrumbList","@id":"https:\/\/labellerodriguaise.com\/en\/services-2\/#breadcrumb","itemListElement":[{"@type":"ListItem","position":1,"name":"Home","item":"https:\/\/labellerodriguaise.com\/"},{"@type":"ListItem","position":2,"name":"Services"}]},{"@type":"WebSite","@id":"https:\/\/labellerodriguaise.com\/staging\/6728\/#website","url":"https:\/\/labellerodriguaise.com\/staging\/6728\/","name":"La Belle Rodriguaise","description":"Your Peaceful Haven","publisher":{"@id":"https:\/\/labellerodriguaise.com\/staging\/6728\/#organization"},"potentialAction":[{"@type":"SearchAction","target":{"@type":"EntryPoint","urlTemplate":"https:\/\/labellerodriguaise.com\/staging\/6728\/?s={search_term_string}"},"query-input":{"@type":"PropertyValueSpecification","valueRequired":true,"valueName":"search_term_string"}}],"inLanguage":"en-US"},{"@type":"Organization","@id":"https:\/\/labellerodriguaise.com\/staging\/6728\/#organization","name":"La Belle Rodriguaise","url":"https:\/\/labellerodriguaise.com\/staging\/6728\/","logo":{"@type":"ImageObject","inLanguage":"en-US","@id":"https:\/\/labellerodriguaise.com\/staging\/6728\/#\/schema\/logo\/image\/","url":"https:\/\/i0.wp.com\/labellerodriguaise.com\/wp-content\/uploads\/2024\/09\/cropped-logo_labelle-e1766376267943.png?fit=113%2C100&ssl=1","contentUrl":"https:\/\/i0.wp.com\/labellerodriguaise.com\/wp-content\/uploads\/2024\/09\/cropped-logo_labelle-e1766376267943.png?fit=113%2C100&ssl=1","width":113,"height":100,"caption":"La Belle Rodriguaise"},"image":{"@id":"https:\/\/labellerodriguaise.com\/staging\/6728\/#\/schema\/logo\/image\/"},"sameAs":["https:\/\/www.facebook.com\/share\/KFpaQmSDnfVFJ4Ys\/?mibextid=LQQJ4d"]}]}},"jetpack_sharing_enabled":true,"_links":{"self":[{"href":"https:\/\/labellerodriguaise.com\/en\/wp-json\/wp\/v2\/pages\/1296","targetHints":{"allow":["GET"]}}],"collection":[{"href":"https:\/\/labellerodriguaise.com\/en\/wp-json\/wp\/v2\/pages"}],"about":[{"href":"https:\/\/labellerodriguaise.com\/en\/wp-json\/wp\/v2\/types\/page"}],"author":[{"embeddable":true,"href":"https:\/\/labellerodriguaise.com\/en\/wp-json\/wp\/v2\/users\/2"}],"replies":[{"embeddable":true,"href":"https:\/\/labellerodriguaise.com\/en\/wp-json\/wp\/v2\/comments?post=1296"}],"version-history":[{"count":21,"href":"https:\/\/labellerodriguaise.com\/en\/wp-json\/wp\/v2\/pages\/1296\/revisions"}],"predecessor-version":[{"id":2698,"href":"https:\/\/labellerodriguaise.com\/en\/wp-json\/wp\/v2\/pages\/1296\/revisions\/2698"}],"wp:featuredmedia":[{"embeddable":true,"href":"https:\/\/labellerodriguaise.com\/en\/wp-json\/wp\/v2\/media\/1790"}],"wp:attachment":[{"href":"https:\/\/labellerodriguaise.com\/en\/wp-json\/wp\/v2\/media?parent=1296"}],"curies":[{"name":"wp","href":"https:\/\/api.w.org\/{rel}","templated":true}]}}