{"id":1489,"date":"2024-10-29T14:34:57","date_gmt":"2024-10-29T10:34:57","guid":{"rendered":"https:\/\/labellerodriguaise.com\/?page_id=1489"},"modified":"2026-01-13T19:26:03","modified_gmt":"2026-01-13T15:26:03","slug":"gallerie","status":"publish","type":"page","link":"https:\/\/labellerodriguaise.com\/en\/gallerie\/","title":{"rendered":"Gallery"},"content":{"rendered":"<div class=\"wp-block-kadence-column kadence-column1489_01f0c6-b2\"><div class=\"kt-inside-inner-col\">\n<div class=\"wp-block-kadence-tabs alignnone\"><div class=\"kt-tabs-wrap kt-tabs-id1489_dc9c34-69 kt-tabs-has-2-tabs kt-active-tab-1 kt-tabs-layout-tabs kt-tabs-tablet-layout-inherit kt-tabs-mobile-layout-inherit kt-tab-alignment-left\"><ul class=\"kt-tabs-title-list\"><li id=\"tab-photos\" class=\"kt-title-item kt-title-item-1 kt-tabs-svg-show-always kt-tabs-icon-side-right kt-tab-title-active\"><a href=\"#tab-photos\" data-tab=\"1\" class=\"kt-tab-title kt-tab-title-1\"><span class=\"kt-title-text\">Photos<\/span><\/a><\/li><li id=\"tab-vidos\" class=\"kt-title-item kt-title-item-2 kt-tabs-svg-show-always kt-tabs-icon-side-right kt-tab-title-inactive\"><a href=\"#tab-vidos\" data-tab=\"2\" class=\"kt-tab-title kt-tab-title-2\"><span class=\"kt-title-text\">Videos<\/span><\/a><\/li><\/ul><div class=\"kt-tabs-content-wrap\">\n<div class=\"wp-block-kadence-tab kt-tab-inner-content kt-inner-tab-1 kt-inner-tabcdfddd-65\"><div class=\"kt-tab-inner-content-inner\">\nngg_shortcode_0_placeholder\n<\/div><\/div>\n\n\n\n<div class=\"wp-block-kadence-tab kt-tab-inner-content kt-inner-tab-2 kt-inner-tab9a08f8-4b\"><div class=\"kt-tab-inner-content-inner\">\n<p class=\"\"><\/p>\n\n\n\n\n<div class=\"wp-block-kadence-column kadence-column1489_9931f8-fc\"><div class=\"kt-inside-inner-col\">\n<figure class=\"wp-block-video\"><video height=\"888\" style=\"aspect-ratio: 1920 \/ 888;\" width=\"1920\" controls src=\"https:\/\/labellerodriguaise.com\/wp-content\/uploads\/2024\/11\/Echappees-belles-pt-1.mp4\"><\/video><\/figure>\n<\/div><\/div>\n\n\n\n<div class=\"wp-block-kadence-column kadence-column1489_f63366-f5\"><div class=\"kt-inside-inner-col\">\n<p class=\"kt-adv-heading1489_76aad0-59 wp-block-kadence-advancedheading\" data-kb-block=\"kb-adv-heading1489_76aad0-59\">Extrait du magazine de d\u00e9couverte hebdomadaire fran\u00e7ais, <em><strong>\u00c9chapp\u00e9es Belles<\/strong><\/em>, diffus\u00e9 sur <strong><em>France&nbsp;5<\/em><\/strong>.<\/p>\n<\/div><\/div>\n\n\n\n\n<div style=\"height:100px\" aria-hidden=\"true\" class=\"wp-block-spacer\"><\/div>\n\n\n\n\n<div class=\"wp-block-kadence-column kadence-column1489_5b8fd7-4a\"><div class=\"kt-inside-inner-col\">\n<figure class=\"wp-block-video\"><video height=\"888\" style=\"aspect-ratio: 1920 \/ 888;\" width=\"1920\" controls src=\"https:\/\/labellerodriguaise.com\/wp-content\/uploads\/2024\/11\/Echappees-belles-pt-2.mp4\"><\/video><\/figure>\n<\/div><\/div>\n\n\n\n<div class=\"wp-block-kadence-column kadence-column1489_bf167e-d3\"><div class=\"kt-inside-inner-col\">\n<p class=\"kt-adv-heading1489_9c1230-f5 wp-block-kadence-advancedheading\" data-kb-block=\"kb-adv-heading1489_9c1230-f5\">Extrait du magazine de d\u00e9couverte hebdomadaire fran\u00e7ais, <em><strong>\u00c9chapp\u00e9es Belles<\/strong><\/em>, diffus\u00e9 sur <strong><em>France&nbsp;5<\/em><\/strong>.<\/p>\n<\/div><\/div>\n\n<\/div><\/div>\n<\/div><\/div><\/div>\n<\/div><\/div>","protected":false},"excerpt":{"rendered":"","protected":false},"author":2,"featured_media":0,"parent":0,"menu_order":0,"comment_status":"closed","ping_status":"closed","template":"template-full-width-grid-page.php","meta":{"nf_dc_page":"","om_disable_all_campaigns":false,"ngg_post_thumbnail":0,"_kadence_starter_templates_imported_post":false,"footnotes":""},"class_list":["post-1489","page","type-page","status-publish","hentry"],"yoast_head":"<!-- This site is optimized with the Yoast SEO plugin v27.5 - https:\/\/yoast.com\/product\/yoast-seo-wordpress\/ -->\n<title>Galerie - La Belle Rodriguaise<\/title>\n<meta name=\"robots\" content=\"index, follow, max-snippet:-1, max-image-preview:large, max-video-preview:-1\" \/>\n<link rel=\"canonical\" href=\"https:\/\/labellerodriguaise.com\/en\/gallerie\/\" \/>\n<meta property=\"og:locale\" content=\"en_US\" \/>\n<meta property=\"og:type\" content=\"article\" \/>\n<meta property=\"og:title\" content=\"Galerie - La Belle Rodriguaise\" \/>\n<meta property=\"og:url\" content=\"https:\/\/labellerodriguaise.com\/en\/gallerie\/\" \/>\n<meta property=\"og:site_name\" content=\"La Belle Rodriguaise\" \/>\n<meta property=\"article:publisher\" content=\"https:\/\/www.facebook.com\/share\/KFpaQmSDnfVFJ4Ys\/?mibextid=LQQJ4d\" \/>\n<meta property=\"article:modified_time\" content=\"2026-01-13T15:26:03+00:00\" \/>\n<meta name=\"twitter:card\" content=\"summary_large_image\" \/>\n<meta name=\"twitter:label1\" content=\"Est. reading time\" \/>\n\t<meta name=\"twitter:data1\" content=\"1 minute\" \/>\n<script type=\"application\/ld+json\" class=\"yoast-schema-graph\">{\"@context\":\"https:\\\/\\\/schema.org\",\"@graph\":[{\"@type\":\"WebPage\",\"@id\":\"https:\\\/\\\/labellerodriguaise.com\\\/gallerie\\\/\",\"url\":\"https:\\\/\\\/labellerodriguaise.com\\\/gallerie\\\/\",\"name\":\"Galerie - La Belle Rodriguaise\",\"isPartOf\":{\"@id\":\"https:\\\/\\\/labellerodriguaise.com\\\/staging\\\/6728\\\/#website\"},\"datePublished\":\"2024-10-29T10:34:57+00:00\",\"dateModified\":\"2026-01-13T15:26:03+00:00\",\"breadcrumb\":{\"@id\":\"https:\\\/\\\/labellerodriguaise.com\\\/gallerie\\\/#breadcrumb\"},\"inLanguage\":\"en-US\",\"potentialAction\":[{\"@type\":\"ReadAction\",\"target\":[\"https:\\\/\\\/labellerodriguaise.com\\\/gallerie\\\/\"]}]},{\"@type\":\"BreadcrumbList\",\"@id\":\"https:\\\/\\\/labellerodriguaise.com\\\/gallerie\\\/#breadcrumb\",\"itemListElement\":[{\"@type\":\"ListItem\",\"position\":1,\"name\":\"Home\",\"item\":\"https:\\\/\\\/labellerodriguaise.com\\\/\"},{\"@type\":\"ListItem\",\"position\":2,\"name\":\"Galerie\"}]},{\"@type\":\"WebSite\",\"@id\":\"https:\\\/\\\/labellerodriguaise.com\\\/staging\\\/6728\\\/#website\",\"url\":\"https:\\\/\\\/labellerodriguaise.com\\\/staging\\\/6728\\\/\",\"name\":\"La Belle Rodriguaise\",\"description\":\"Votre Havre de Paix\",\"publisher\":{\"@id\":\"https:\\\/\\\/labellerodriguaise.com\\\/staging\\\/6728\\\/#organization\"},\"potentialAction\":[{\"@type\":\"SearchAction\",\"target\":{\"@type\":\"EntryPoint\",\"urlTemplate\":\"https:\\\/\\\/labellerodriguaise.com\\\/staging\\\/6728\\\/?s={search_term_string}\"},\"query-input\":{\"@type\":\"PropertyValueSpecification\",\"valueRequired\":true,\"valueName\":\"search_term_string\"}}],\"inLanguage\":\"en-US\"},{\"@type\":\"Organization\",\"@id\":\"https:\\\/\\\/labellerodriguaise.com\\\/staging\\\/6728\\\/#organization\",\"name\":\"La Belle Rodriguaise\",\"url\":\"https:\\\/\\\/labellerodriguaise.com\\\/staging\\\/6728\\\/\",\"logo\":{\"@type\":\"ImageObject\",\"inLanguage\":\"en-US\",\"@id\":\"https:\\\/\\\/labellerodriguaise.com\\\/staging\\\/6728\\\/#\\\/schema\\\/logo\\\/image\\\/\",\"url\":\"https:\\\/\\\/i0.wp.com\\\/labellerodriguaise.com\\\/wp-content\\\/uploads\\\/2024\\\/09\\\/cropped-logo_labelle-e1766376267943.png?fit=113%2C100&ssl=1\",\"contentUrl\":\"https:\\\/\\\/i0.wp.com\\\/labellerodriguaise.com\\\/wp-content\\\/uploads\\\/2024\\\/09\\\/cropped-logo_labelle-e1766376267943.png?fit=113%2C100&ssl=1\",\"width\":113,\"height\":100,\"caption\":\"La Belle Rodriguaise\"},\"image\":{\"@id\":\"https:\\\/\\\/labellerodriguaise.com\\\/staging\\\/6728\\\/#\\\/schema\\\/logo\\\/image\\\/\"},\"sameAs\":[\"https:\\\/\\\/www.facebook.com\\\/share\\\/KFpaQmSDnfVFJ4Ys\\\/?mibextid=LQQJ4d\"]}]}<\/script>\n<!-- \/ Yoast SEO plugin. -->","yoast_head_json":{"title":"Galerie - La Belle Rodriguaise","robots":{"index":"index","follow":"follow","max-snippet":"max-snippet:-1","max-image-preview":"max-image-preview:large","max-video-preview":"max-video-preview:-1"},"canonical":"https:\/\/labellerodriguaise.com\/en\/gallerie\/","og_locale":"en_US","og_type":"article","og_title":"Galerie - La Belle Rodriguaise","og_url":"https:\/\/labellerodriguaise.com\/en\/gallerie\/","og_site_name":"La Belle Rodriguaise","article_publisher":"https:\/\/www.facebook.com\/share\/KFpaQmSDnfVFJ4Ys\/?mibextid=LQQJ4d","article_modified_time":"2026-01-13T15:26:03+00:00","twitter_card":"summary_large_image","twitter_misc":{"Est. reading time":"1 minute"},"schema":{"@context":"https:\/\/schema.org","@graph":[{"@type":"WebPage","@id":"https:\/\/labellerodriguaise.com\/gallerie\/","url":"https:\/\/labellerodriguaise.com\/gallerie\/","name":"Galerie - La Belle Rodriguaise","isPartOf":{"@id":"https:\/\/labellerodriguaise.com\/staging\/6728\/#website"},"datePublished":"2024-10-29T10:34:57+00:00","dateModified":"2026-01-13T15:26:03+00:00","breadcrumb":{"@id":"https:\/\/labellerodriguaise.com\/gallerie\/#breadcrumb"},"inLanguage":"en-US","potentialAction":[{"@type":"ReadAction","target":["https:\/\/labellerodriguaise.com\/gallerie\/"]}]},{"@type":"BreadcrumbList","@id":"https:\/\/labellerodriguaise.com\/gallerie\/#breadcrumb","itemListElement":[{"@type":"ListItem","position":1,"name":"Home","item":"https:\/\/labellerodriguaise.com\/"},{"@type":"ListItem","position":2,"name":"Galerie"}]},{"@type":"WebSite","@id":"https:\/\/labellerodriguaise.com\/staging\/6728\/#website","url":"https:\/\/labellerodriguaise.com\/staging\/6728\/","name":"La Belle Rodriguaise","description":"Your Peaceful Haven","publisher":{"@id":"https:\/\/labellerodriguaise.com\/staging\/6728\/#organization"},"potentialAction":[{"@type":"SearchAction","target":{"@type":"EntryPoint","urlTemplate":"https:\/\/labellerodriguaise.com\/staging\/6728\/?s={search_term_string}"},"query-input":{"@type":"PropertyValueSpecification","valueRequired":true,"valueName":"search_term_string"}}],"inLanguage":"en-US"},{"@type":"Organization","@id":"https:\/\/labellerodriguaise.com\/staging\/6728\/#organization","name":"La Belle Rodriguaise","url":"https:\/\/labellerodriguaise.com\/staging\/6728\/","logo":{"@type":"ImageObject","inLanguage":"en-US","@id":"https:\/\/labellerodriguaise.com\/staging\/6728\/#\/schema\/logo\/image\/","url":"https:\/\/i0.wp.com\/labellerodriguaise.com\/wp-content\/uploads\/2024\/09\/cropped-logo_labelle-e1766376267943.png?fit=113%2C100&ssl=1","contentUrl":"https:\/\/i0.wp.com\/labellerodriguaise.com\/wp-content\/uploads\/2024\/09\/cropped-logo_labelle-e1766376267943.png?fit=113%2C100&ssl=1","width":113,"height":100,"caption":"La Belle Rodriguaise"},"image":{"@id":"https:\/\/labellerodriguaise.com\/staging\/6728\/#\/schema\/logo\/image\/"},"sameAs":["https:\/\/www.facebook.com\/share\/KFpaQmSDnfVFJ4Ys\/?mibextid=LQQJ4d"]}]}},"jetpack_sharing_enabled":true,"_links":{"self":[{"href":"https:\/\/labellerodriguaise.com\/en\/wp-json\/wp\/v2\/pages\/1489","targetHints":{"allow":["GET"]}}],"collection":[{"href":"https:\/\/labellerodriguaise.com\/en\/wp-json\/wp\/v2\/pages"}],"about":[{"href":"https:\/\/labellerodriguaise.com\/en\/wp-json\/wp\/v2\/types\/page"}],"author":[{"embeddable":true,"href":"https:\/\/labellerodriguaise.com\/en\/wp-json\/wp\/v2\/users\/2"}],"replies":[{"embeddable":true,"href":"https:\/\/labellerodriguaise.com\/en\/wp-json\/wp\/v2\/comments?post=1489"}],"version-history":[{"count":21,"href":"https:\/\/labellerodriguaise.com\/en\/wp-json\/wp\/v2\/pages\/1489\/revisions"}],"predecessor-version":[{"id":2593,"href":"https:\/\/labellerodriguaise.com\/en\/wp-json\/wp\/v2\/pages\/1489\/revisions\/2593"}],"wp:attachment":[{"href":"https:\/\/labellerodriguaise.com\/en\/wp-json\/wp\/v2\/media?parent=1489"}],"curies":[{"name":"wp","href":"https:\/\/api.w.org\/{rel}","templated":true}]}}